{"id":5401,"date":"2025-03-09T13:50:55","date_gmt":"2025-03-09T09:50:55","guid":{"rendered":"https:\/\/academy-sante-armenie.polymorphic-development.com\/home\/"},"modified":"2025-11-10T14:04:02","modified_gmt":"2025-11-10T10:04:02","slug":"home","status":"publish","type":"page","link":"https:\/\/www.santearmenieacademy.org\/en\/","title":{"rendered":"Sant\u00e9 Arm\u00e9nie Medical Academy"},"content":{"rendered":"\t\t<div data-elementor-type=\"wp-page\" data-elementor-id=\"5401\" class=\"elementor elementor-5401 elementor-5392\" data-elementor-post-type=\"page\">\n\t\t\t\t<div class=\"elementor-element elementor-element-067ab69 e-con-full e-flex e-con e-parent\" data-id=\"067ab69\" data-element_type=\"container\" data-e-type=\"container\">\n\t\t\t\t<div class=\"elementor-element elementor-element-df8fd4c elementor-widget elementor-widget-marquee-slider\" data-id=\"df8fd4c\" data-element_type=\"widget\" data-e-type=\"widget\" data-widget_type=\"marquee-slider.default\">\n\t\t\t\t<div class=\"elementor-widget-container\">\n\t\t\t\t\t\n        <section class=\"marquee-slider-section\">\n            <div class=\"slider\">\n                                    <div class=\"item\">\n                                                <img decoding=\"async\" src=\"https:\/\/www.santearmenieacademy.org\/wp-content\/uploads\/2024\/01\/19-Academy-background.jpg\" alt=\"\"\/>\n                        <div class=\"item-content\">\n                            <h2>Welcome to Sant\u00e9 Arm\u00e9nie Medical Academy<\/h2>\n                            <a class=\"link-boxed\"                                href=\"https:\/\/www.santearmenieacademy.org\/en\/about-us\/\">\n                                Who we are                            <\/a>\n                        <\/div>\n                    <\/div>\n                                    <div class=\"item\">\n                                                <img decoding=\"async\" src=\"https:\/\/www.santearmenieacademy.org\/wp-content\/uploads\/2025\/09\/International-Summit-Immuno-Oncology.png\" alt=\"\"\/>\n                        <div class=\"item-content\">\n                            <h2>International summit in Immuno Oncology<\/h2>\n                            <a class=\"link-boxed\"                                href=\"https:\/\/www.santearmenieacademy.org\/en\/live-events\/international-summit-in-immuno-oncology\/\">\n                                Click to register                            <\/a>\n                        <\/div>\n                    <\/div>\n                            <\/div>\n        <\/section>\n\n        <script>\n            jQuery(document).ready(function () {\n                jQuery('.slider').not('.slick-initialized').slick({\n                    dots: true,\n                    arrows: false,\n                    infinite: false,\n                    slidesToShow: 1,\n                });\n            })\n        <\/script>\n        \t\t\t\t<\/div>\n\t\t\t\t<\/div>\n\t\t<div class=\"elementor-element elementor-element-e3df6ea e-flex e-con-boxed e-con e-child\" data-id=\"e3df6ea\" data-element_type=\"container\" data-e-type=\"container\">\n\t\t\t\t\t<div class=\"e-con-inner\">\n\t\t\t\t<div class=\"elementor-element elementor-element-0cb30c7 elementor-widget elementor-widget-side-by-side\" data-id=\"0cb30c7\" data-element_type=\"widget\" data-e-type=\"widget\" data-widget_type=\"side-by-side.default\">\n\t\t\t\t<div class=\"elementor-widget-container\">\n\t\t\t\t\t\n        <section class=\"side-by-side-section mt-5 mt-md-0\">\n            <div class=\"side-by-side-content image-right d-flex justify-content-center align-items-center image-left\">\n                <div class=\"text-section col-12 col-md-6 text-center text-md-start\">\n                                        <div class=\"paragraph\"><p>We\u2019re delighted to welcome you to the Sant\u00e9 Arm\u00e9nie Medical Academy, a key initiative of the Sant\u00e9 Arm\u00e9nie Association.<\/p><p>Our mission is to support the continuous professional development of Armenian healthcare workers by offering high-quality, free educational programs led by experienced volunteer trainers from across Europe. Whether you're a doctor, nurse, or allied health professional, you'll find opportunities here to expand your knowledge, connect with peers, and grow within a supportive and collaborative learning environment.<\/p><p>Thank you for being part of a community committed to strengthening healthcare in Armenia.<br \/>We\u2019re glad you\u2019re here.<\/p><\/div>\n                <\/div>\n                <div class=\"image-section col-12 col-md-6\">\n                    <div class=\"red-bg d-flex\">\n                                                <img decoding=\"async\" src=\"https:\/\/www.santearmenieacademy.org\/wp-content\/uploads\/2024\/06\/unnamed-15.png\" alt=\"\">\n                                            <\/div>\n                <\/div>\n            <\/div>\n        <\/section>\n        \t\t\t\t<\/div>\n\t\t\t\t<\/div>\n\t\t\t\t<div class=\"elementor-element elementor-element-38ce7a5 elementor-widget elementor-widget-heading\" data-id=\"38ce7a5\" data-element_type=\"widget\" data-e-type=\"widget\" data-widget_type=\"heading.default\">\n\t\t\t\t<div class=\"elementor-widget-container\">\n\t\t\t\t\t<h2 class=\"elementor-heading-title elementor-size-default\">What we offer<\/h2>\t\t\t\t<\/div>\n\t\t\t\t<\/div>\n\t\t\t\t<div class=\"elementor-element elementor-element-f0fc46a elementor-hidden-desktop elementor-hidden-tablet elementor-hidden-mobile elementor-widget elementor-widget-text-editor\" data-id=\"f0fc46a\" data-element_type=\"widget\" data-e-type=\"widget\" data-widget_type=\"text-editor.default\">\n\t\t\t\t<div class=\"elementor-widget-container\">\n\t\t\t\t\t\t\t\t\t<p><span style=\"font-weight: 400;\">Sant\u00e9 Arm\u00e9nie and the <strong>IAB International Academy of Business<\/strong> have joined forces to establish the <\/span><b>Sant\u00e9 Arm\u00e9nie Medical Academy<\/b><span style=\"font-weight: 400;\">.<\/span><\/p>\t\t\t\t\t\t\t\t<\/div>\n\t\t\t\t<\/div>\n\t\t\t\t<div class=\"elementor-element elementor-element-1834ba9 elementor-widget elementor-widget-text-editor\" data-id=\"1834ba9\" data-element_type=\"widget\" data-e-type=\"widget\" data-widget_type=\"text-editor.default\">\n\t\t\t\t<div class=\"elementor-widget-container\">\n\t\t\t\t\t\t\t\t\t<p>The Sant\u00e9 Arm\u00e9nie Medical Academy platform offers accredited online courses (available in the <strong><a href=\"https:\/\/www.santearmenieacademy.org\/en\/online-courses\/\">Self-Paced Courses<\/a><\/strong> section), free educational materials (<strong><a href=\"https:\/\/www.santearmenieacademy.org\/en\/open-resources\/\">Open Resources<\/a><\/strong>), and information on live professional events for healthcare providers across Armenia and the region.<\/p><p>Our Self-Paced Accredited Courses are designed to support healthcare professionals in studying at their own pace. Developed in collaboration with international experts, each course includes video lectures, readings, assessments, and leads to an accredited certificate.<\/p><p>In the Open Resources section, you\u2019ll find recordings of our webinars, translated clinical guidelines, and curated reading materials.<\/p><p>Finally, the <strong><a href=\"https:\/\/www.santearmenieacademy.org\/en\/live-events\/\">Live Events<\/a><\/strong> page provides details on upcoming conferences, congresses, masterclasses, hands-on trainings, and more.<\/p>\t\t\t\t\t\t\t\t<\/div>\n\t\t\t\t<\/div>\n\t\t\t\t\t<\/div>\n\t\t\t\t<\/div>\n\t\t\t\t<\/div>\n\t\t\t\t<\/div>\n\t\t","protected":false},"excerpt":{"rendered":"<p>Welcome to Sant\u00e9 Arm\u00e9nie Medical Academy Who we are International summit in Immuno Oncology Click to register We\u2019re delighted to welcome you to the Sant\u00e9 Arm\u00e9nie Medical Academy, a key initiative of the Sant\u00e9 Arm\u00e9nie Association. Our mission is to support the continuous professional development of Armenian healthcare workers by offering high-quality, free educational programs [&hellip;]<\/p>\n","protected":false},"author":5,"featured_media":6325,"parent":0,"menu_order":0,"comment_status":"closed","ping_status":"closed","template":"","meta":{"footnotes":""},"class_list":["post-5401","page","type-page","status-publish","has-post-thumbnail","hentry"],"yoast_head":"<!-- This site is optimized with the Yoast SEO plugin v27.3 - https:\/\/yoast.com\/product\/yoast-seo-wordpress\/ -->\n<title>Sant\u00e9 Arm\u00e9nie Medical Academy -<\/title>\n<meta name=\"description\" content=\"The mission of the Sant\u00e9 Arm\u00e9nie Medical Academy is to strengthen Armenia\u2019s healthcare system by providing free, high-quality, and accessible education to medical and paramedical professionals.\" \/>\n<meta name=\"robots\" content=\"index, follow, max-snippet:-1, max-image-preview:large, max-video-preview:-1\" \/>\n<link rel=\"canonical\" href=\"https:\/\/www.santearmenieacademy.org\/en\/\" \/>\n<meta property=\"og:locale\" content=\"en_US\" \/>\n<meta property=\"og:type\" content=\"article\" \/>\n<meta property=\"og:title\" content=\"Sant\u00e9 Arm\u00e9nie Medical Academy -\" \/>\n<meta property=\"og:description\" content=\"The mission of the Sant\u00e9 Arm\u00e9nie Medical Academy is to strengthen Armenia\u2019s healthcare system by providing free, high-quality, and accessible education to medical and paramedical professionals.\" \/>\n<meta property=\"og:url\" content=\"https:\/\/www.santearmenieacademy.org\/en\/\" \/>\n<meta property=\"og:site_name\" content=\"Sante Armenie Medical Academy\" \/>\n<meta property=\"article:modified_time\" content=\"2025-11-10T10:04:02+00:00\" \/>\n<meta property=\"og:image\" content=\"https:\/\/www.santearmenieacademy.org\/wp-content\/uploads\/2025\/07\/19-Academy-background.jpg\" \/>\n\t<meta property=\"og:image:width\" content=\"1920\" \/>\n\t<meta property=\"og:image:height\" content=\"1280\" \/>\n\t<meta property=\"og:image:type\" content=\"image\/jpeg\" \/>\n<meta name=\"twitter:card\" content=\"summary_large_image\" \/>\n<meta name=\"twitter:label1\" content=\"Est. reading time\" \/>\n\t<meta name=\"twitter:data1\" content=\"2 minutes\" \/>\n<script type=\"application\/ld+json\" class=\"yoast-schema-graph\">{\"@context\":\"https:\\\/\\\/schema.org\",\"@graph\":[{\"@type\":\"WebPage\",\"@id\":\"https:\\\/\\\/www.santearmenieacademy.org\\\/en\\\/\",\"url\":\"https:\\\/\\\/www.santearmenieacademy.org\\\/en\\\/\",\"name\":\"Sant\u00e9 Arm\u00e9nie Medical Academy -\",\"isPartOf\":{\"@id\":\"https:\\\/\\\/www.santearmenieacademy.org\\\/en\\\/#website\"},\"primaryImageOfPage\":{\"@id\":\"https:\\\/\\\/www.santearmenieacademy.org\\\/en\\\/#primaryimage\"},\"image\":{\"@id\":\"https:\\\/\\\/www.santearmenieacademy.org\\\/en\\\/#primaryimage\"},\"thumbnailUrl\":\"https:\\\/\\\/www.santearmenieacademy.org\\\/wp-content\\\/uploads\\\/2025\\\/07\\\/19-Academy-background.jpg\",\"datePublished\":\"2025-03-09T09:50:55+00:00\",\"dateModified\":\"2025-11-10T10:04:02+00:00\",\"description\":\"The mission of the Sant\u00e9 Arm\u00e9nie Medical Academy is to strengthen Armenia\u2019s healthcare system by providing free, high-quality, and accessible education to medical and paramedical professionals.\",\"breadcrumb\":{\"@id\":\"https:\\\/\\\/www.santearmenieacademy.org\\\/en\\\/#breadcrumb\"},\"inLanguage\":\"en-US\",\"potentialAction\":[{\"@type\":\"ReadAction\",\"target\":[\"https:\\\/\\\/www.santearmenieacademy.org\\\/en\\\/\"]}]},{\"@type\":\"ImageObject\",\"inLanguage\":\"en-US\",\"@id\":\"https:\\\/\\\/www.santearmenieacademy.org\\\/en\\\/#primaryimage\",\"url\":\"https:\\\/\\\/www.santearmenieacademy.org\\\/wp-content\\\/uploads\\\/2025\\\/07\\\/19-Academy-background.jpg\",\"contentUrl\":\"https:\\\/\\\/www.santearmenieacademy.org\\\/wp-content\\\/uploads\\\/2025\\\/07\\\/19-Academy-background.jpg\",\"width\":1920,\"height\":1280},{\"@type\":\"BreadcrumbList\",\"@id\":\"https:\\\/\\\/www.santearmenieacademy.org\\\/en\\\/#breadcrumb\",\"itemListElement\":[{\"@type\":\"ListItem\",\"position\":1,\"name\":\"Home\",\"item\":\"https:\\\/\\\/www.santearmenieacademy.org\\\/en\\\/\"},{\"@type\":\"ListItem\",\"position\":2,\"name\":\"Sant\u00e9 Arm\u00e9nie Medical Academy\"}]},{\"@type\":\"WebSite\",\"@id\":\"https:\\\/\\\/www.santearmenieacademy.org\\\/en\\\/#website\",\"url\":\"https:\\\/\\\/www.santearmenieacademy.org\\\/en\\\/\",\"name\":\"Sante Armenie Medical Academy\",\"description\":\"The Sant\u00e9 Arm\u00e9nie Medical Academy offers accredited online courses, free educational materials for healthcare providers across Armenia and the region.\",\"publisher\":{\"@id\":\"https:\\\/\\\/www.santearmenieacademy.org\\\/en\\\/#organization\"},\"potentialAction\":[{\"@type\":\"SearchAction\",\"target\":{\"@type\":\"EntryPoint\",\"urlTemplate\":\"https:\\\/\\\/www.santearmenieacademy.org\\\/en\\\/?s={search_term_string}\"},\"query-input\":{\"@type\":\"PropertyValueSpecification\",\"valueRequired\":true,\"valueName\":\"search_term_string\"}}],\"inLanguage\":\"en-US\"},{\"@type\":\"Organization\",\"@id\":\"https:\\\/\\\/www.santearmenieacademy.org\\\/en\\\/#organization\",\"name\":\"Sante Armenie Medical Academy\",\"url\":\"https:\\\/\\\/www.santearmenieacademy.org\\\/en\\\/\",\"logo\":{\"@type\":\"ImageObject\",\"inLanguage\":\"en-US\",\"@id\":\"https:\\\/\\\/www.santearmenieacademy.org\\\/en\\\/#\\\/schema\\\/logo\\\/image\\\/\",\"url\":\"https:\\\/\\\/www.santearmenieacademy.org\\\/wp-content\\\/uploads\\\/2023\\\/11\\\/LOGO_SANTE-ARMENIE_2022.png\",\"contentUrl\":\"https:\\\/\\\/www.santearmenieacademy.org\\\/wp-content\\\/uploads\\\/2023\\\/11\\\/LOGO_SANTE-ARMENIE_2022.png\",\"width\":2000,\"height\":1344,\"caption\":\"Sante Armenie Medical Academy\"},\"image\":{\"@id\":\"https:\\\/\\\/www.santearmenieacademy.org\\\/en\\\/#\\\/schema\\\/logo\\\/image\\\/\"},\"sameAs\":[\"https:\\\/\\\/www.linkedin.com\\\/company\\\/sant\u00e9-arm\u00e9nie-medical-academy\\\/\"]}]}<\/script>\n<!-- \/ Yoast SEO plugin. -->","yoast_head_json":{"title":"Sant\u00e9 Arm\u00e9nie Medical Academy -","description":"The mission of the Sant\u00e9 Arm\u00e9nie Medical Academy is to strengthen Armenia\u2019s healthcare system by providing free, high-quality, and accessible education to medical and paramedical professionals.","robots":{"index":"index","follow":"follow","max-snippet":"max-snippet:-1","max-image-preview":"max-image-preview:large","max-video-preview":"max-video-preview:-1"},"canonical":"https:\/\/www.santearmenieacademy.org\/en\/","og_locale":"en_US","og_type":"article","og_title":"Sant\u00e9 Arm\u00e9nie Medical Academy -","og_description":"The mission of the Sant\u00e9 Arm\u00e9nie Medical Academy is to strengthen Armenia\u2019s healthcare system by providing free, high-quality, and accessible education to medical and paramedical professionals.","og_url":"https:\/\/www.santearmenieacademy.org\/en\/","og_site_name":"Sante Armenie Medical Academy","article_modified_time":"2025-11-10T10:04:02+00:00","og_image":[{"width":1920,"height":1280,"url":"https:\/\/www.santearmenieacademy.org\/wp-content\/uploads\/2025\/07\/19-Academy-background.jpg","type":"image\/jpeg"}],"twitter_card":"summary_large_image","twitter_misc":{"Est. reading time":"2 minutes"},"schema":{"@context":"https:\/\/schema.org","@graph":[{"@type":"WebPage","@id":"https:\/\/www.santearmenieacademy.org\/en\/","url":"https:\/\/www.santearmenieacademy.org\/en\/","name":"Sant\u00e9 Arm\u00e9nie Medical Academy -","isPartOf":{"@id":"https:\/\/www.santearmenieacademy.org\/en\/#website"},"primaryImageOfPage":{"@id":"https:\/\/www.santearmenieacademy.org\/en\/#primaryimage"},"image":{"@id":"https:\/\/www.santearmenieacademy.org\/en\/#primaryimage"},"thumbnailUrl":"https:\/\/www.santearmenieacademy.org\/wp-content\/uploads\/2025\/07\/19-Academy-background.jpg","datePublished":"2025-03-09T09:50:55+00:00","dateModified":"2025-11-10T10:04:02+00:00","description":"The mission of the Sant\u00e9 Arm\u00e9nie Medical Academy is to strengthen Armenia\u2019s healthcare system by providing free, high-quality, and accessible education to medical and paramedical professionals.","breadcrumb":{"@id":"https:\/\/www.santearmenieacademy.org\/en\/#breadcrumb"},"inLanguage":"en-US","potentialAction":[{"@type":"ReadAction","target":["https:\/\/www.santearmenieacademy.org\/en\/"]}]},{"@type":"ImageObject","inLanguage":"en-US","@id":"https:\/\/www.santearmenieacademy.org\/en\/#primaryimage","url":"https:\/\/www.santearmenieacademy.org\/wp-content\/uploads\/2025\/07\/19-Academy-background.jpg","contentUrl":"https:\/\/www.santearmenieacademy.org\/wp-content\/uploads\/2025\/07\/19-Academy-background.jpg","width":1920,"height":1280},{"@type":"BreadcrumbList","@id":"https:\/\/www.santearmenieacademy.org\/en\/#breadcrumb","itemListElement":[{"@type":"ListItem","position":1,"name":"Home","item":"https:\/\/www.santearmenieacademy.org\/en\/"},{"@type":"ListItem","position":2,"name":"Sant\u00e9 Arm\u00e9nie Medical Academy"}]},{"@type":"WebSite","@id":"https:\/\/www.santearmenieacademy.org\/en\/#website","url":"https:\/\/www.santearmenieacademy.org\/en\/","name":"Sante Armenie Medical Academy","description":"The Sant\u00e9 Arm\u00e9nie Medical Academy offers accredited online courses, free educational materials for healthcare providers across Armenia and the region.","publisher":{"@id":"https:\/\/www.santearmenieacademy.org\/en\/#organization"},"potentialAction":[{"@type":"SearchAction","target":{"@type":"EntryPoint","urlTemplate":"https:\/\/www.santearmenieacademy.org\/en\/?s={search_term_string}"},"query-input":{"@type":"PropertyValueSpecification","valueRequired":true,"valueName":"search_term_string"}}],"inLanguage":"en-US"},{"@type":"Organization","@id":"https:\/\/www.santearmenieacademy.org\/en\/#organization","name":"Sante Armenie Medical Academy","url":"https:\/\/www.santearmenieacademy.org\/en\/","logo":{"@type":"ImageObject","inLanguage":"en-US","@id":"https:\/\/www.santearmenieacademy.org\/en\/#\/schema\/logo\/image\/","url":"https:\/\/www.santearmenieacademy.org\/wp-content\/uploads\/2023\/11\/LOGO_SANTE-ARMENIE_2022.png","contentUrl":"https:\/\/www.santearmenieacademy.org\/wp-content\/uploads\/2023\/11\/LOGO_SANTE-ARMENIE_2022.png","width":2000,"height":1344,"caption":"Sante Armenie Medical Academy"},"image":{"@id":"https:\/\/www.santearmenieacademy.org\/en\/#\/schema\/logo\/image\/"},"sameAs":["https:\/\/www.linkedin.com\/company\/sant\u00e9-arm\u00e9nie-medical-academy\/"]}]}},"_links":{"self":[{"href":"https:\/\/www.santearmenieacademy.org\/en\/wp-json\/wp\/v2\/pages\/5401","targetHints":{"allow":["GET"]}}],"collection":[{"href":"https:\/\/www.santearmenieacademy.org\/en\/wp-json\/wp\/v2\/pages"}],"about":[{"href":"https:\/\/www.santearmenieacademy.org\/en\/wp-json\/wp\/v2\/types\/page"}],"author":[{"embeddable":true,"href":"https:\/\/www.santearmenieacademy.org\/en\/wp-json\/wp\/v2\/users\/5"}],"replies":[{"embeddable":true,"href":"https:\/\/www.santearmenieacademy.org\/en\/wp-json\/wp\/v2\/comments?post=5401"}],"version-history":[{"count":44,"href":"https:\/\/www.santearmenieacademy.org\/en\/wp-json\/wp\/v2\/pages\/5401\/revisions"}],"predecessor-version":[{"id":7953,"href":"https:\/\/www.santearmenieacademy.org\/en\/wp-json\/wp\/v2\/pages\/5401\/revisions\/7953"}],"wp:featuredmedia":[{"embeddable":true,"href":"https:\/\/www.santearmenieacademy.org\/en\/wp-json\/wp\/v2\/media\/6325"}],"wp:attachment":[{"href":"https:\/\/www.santearmenieacademy.org\/en\/wp-json\/wp\/v2\/media?parent=5401"}],"curies":[{"name":"wp","href":"https:\/\/api.w.org\/{rel}","templated":true}]}}