{"id":8229,"date":"2026-01-13T13:17:57","date_gmt":"2026-01-13T09:17:57","guid":{"rendered":"https:\/\/www.santearmenieacademy.org\/?page_id=8229"},"modified":"2026-01-29T13:11:49","modified_gmt":"2026-01-29T09:11:49","slug":"pain-management-during-childbirth-webinar","status":"publish","type":"page","link":"https:\/\/www.santearmenieacademy.org\/en\/live-events\/past-events-archive\/pain-management-during-childbirth-webinar\/","title":{"rendered":"Pain Management During Childbirth \u2013 Webinar"},"content":{"rendered":"\t\t<div data-elementor-type=\"wp-page\" data-elementor-id=\"8229\" class=\"elementor elementor-8229 elementor-8215\" data-elementor-post-type=\"page\">\n\t\t\t\t<div class=\"elementor-element elementor-element-350eb35 e-con-full e-flex e-con e-parent\" data-id=\"350eb35\" data-element_type=\"container\" data-e-type=\"container\">\n\t\t\t\t<div class=\"elementor-element elementor-element-acb1f4b elementor-widget elementor-widget-background-hero\" data-id=\"acb1f4b\" data-element_type=\"widget\" data-e-type=\"widget\" data-widget_type=\"background-hero.default\">\n\t\t\t\t<div class=\"elementor-widget-container\">\n\t\t\t\t\t\n        <section class=\"background-hero-section\">\n            <img decoding=\"async\" src=\"https:\/\/www.santearmenieacademy.org\/wp-content\/uploads\/2026\/01\/\u056b-\u056f\u0561\u057c\u0561\u057e\u0561\u0580\u0578\u0582\u0574\u0568-\u056e\u0576\u0576\u0564\u0561\u0562\u0565\u0580\u0578\u0582\u0569\u0575\u0561\u0576-\u056a\u0561\u0574\u0561\u0576\u0561\u056f.png\" alt=\"\"\/>\n            <h1 style=\"color: #000\"><\/h1>\n        <\/section>\n        \t\t\t\t<\/div>\n\t\t\t\t<\/div>\n\t\t<div class=\"elementor-element elementor-element-f8210cc e-flex e-con-boxed e-con e-child\" data-id=\"f8210cc\" data-element_type=\"container\" data-e-type=\"container\">\n\t\t\t\t\t<div class=\"e-con-inner\">\n\t\t\t\t<div class=\"elementor-element elementor-element-30d2acc elementor-widget elementor-widget-heading\" data-id=\"30d2acc\" data-element_type=\"widget\" data-e-type=\"widget\" data-widget_type=\"heading.default\">\n\t\t\t\t<div class=\"elementor-widget-container\">\n\t\t\t\t\t<h1 class=\"elementor-heading-title elementor-size-default\">Pain Management During Childbirth \u2013 Webinar<\/h1>\t\t\t\t<\/div>\n\t\t\t\t<\/div>\n\t\t\t\t<div class=\"elementor-element elementor-element-fd6215c elementor-widget elementor-widget-text-editor\" data-id=\"fd6215c\" data-element_type=\"widget\" data-e-type=\"widget\" data-widget_type=\"text-editor.default\">\n\t\t\t\t<div class=\"elementor-widget-container\">\n\t\t\t\t\t\t\t\t\t<p data-start=\"49\" data-end=\"232\">Organizer: Sant\u00e9 Arm\u00e9nie Medical Academy<br data-start=\"89\" data-end=\"92\" \/>Instructor: Gayane Khachaturyan Hovhannisyan, Nurse Anesthetist, H\u00f4pital Simone Veil \u2013 Groupement Hospitalier Eaubonne-Montmorency, France<\/p><p data-start=\"234\" data-end=\"312\">Format: Online, Zoom platform<br data-start=\"263\" data-end=\"266\" \/>Date and Time: January 17, 2026, 10:00\u201311:40<\/p>\t\t\t\t\t\t\t\t<\/div>\n\t\t\t\t<\/div>\n\t\t\t\t<div class=\"elementor-element elementor-element-21f3195 elementor-widget elementor-widget-heading\" data-id=\"21f3195\" data-element_type=\"widget\" data-e-type=\"widget\" data-widget_type=\"heading.default\">\n\t\t\t\t<div class=\"elementor-widget-container\">\n\t\t\t\t\t<h3 class=\"elementor-heading-title elementor-size-default\">Learning Objectives<\/h3>\t\t\t\t<\/div>\n\t\t\t\t<\/div>\n\t\t\t\t<div class=\"elementor-element elementor-element-8d67033 elementor-widget elementor-widget-text-editor\" data-id=\"8d67033\" data-element_type=\"widget\" data-e-type=\"widget\" data-widget_type=\"text-editor.default\">\n\t\t\t\t<div class=\"elementor-widget-container\">\n\t\t\t\t\t\t\t\t\t<p data-start=\"340\" data-end=\"588\">The aim of the webinar is to strengthen nurses\u2019 knowledge and confidence in the proper management of pain during childbirth, as well as to improve collaboration with the anesthesiology team, ensuring the safety and well-being of the woman in labor.<\/p><p data-start=\"590\" data-end=\"640\">By the end of the webinar, nurses will be able to:<\/p><ul data-start=\"641\" data-end=\"1209\"><li data-start=\"641\" data-end=\"718\"><p data-start=\"643\" data-end=\"718\">Have a general understanding of the causes and progression of labor pain.<\/p><\/li><li data-start=\"719\" data-end=\"870\"><p data-start=\"721\" data-end=\"870\">Identify the main methods of pain relief, including simple non-pharmacological techniques and basic anesthesia options (e.g., epidural anesthesia).<\/p><\/li><li data-start=\"871\" data-end=\"1002\"><p data-start=\"873\" data-end=\"1002\">Provide accurate information to the woman in labor, helping her understand the available options throughout the entire process.<\/p><\/li><li data-start=\"1003\" data-end=\"1104\"><p data-start=\"1005\" data-end=\"1104\">Monitor and inform the physician if pain worsens or if additional anesthetic support is required.<\/p><\/li><li data-start=\"1105\" data-end=\"1209\"><p data-start=\"1107\" data-end=\"1209\">Support the woman in labor on a psychological and care level, creating a calmer and safer environment.<\/p><\/li><\/ul>\t\t\t\t\t\t\t\t<\/div>\n\t\t\t\t<\/div>\n\t\t\t\t<div class=\"elementor-element elementor-element-df97c6b elementor-widget elementor-widget-heading\" data-id=\"df97c6b\" data-element_type=\"widget\" data-e-type=\"widget\" data-widget_type=\"heading.default\">\n\t\t\t\t<div class=\"elementor-widget-container\">\n\t\t\t\t\t<h3 class=\"elementor-heading-title elementor-size-default\">Results<\/h3>\t\t\t\t<\/div>\n\t\t\t\t<\/div>\n\t\t\t\t<div class=\"elementor-element elementor-element-571003b elementor-widget elementor-widget-text-editor\" data-id=\"571003b\" data-element_type=\"widget\" data-e-type=\"widget\" data-widget_type=\"text-editor.default\">\n\t\t\t\t<div class=\"elementor-widget-container\">\n\t\t\t\t\t\t\t\t\t<p data-start=\"48\" data-end=\"138\"><strong data-start=\"48\" data-end=\"66\">50 specialists<\/strong> participated in the webinar and successfully completed the post-test.<\/p><p data-start=\"145\" data-end=\"263\">In response to the question <strong data-start=\"173\" data-end=\"217\">\u201cHow would you rate the course content?\u201d<\/strong>, all participants gave a rating of <strong data-start=\"253\" data-end=\"261\">\u201c5.\u201d<\/strong><\/p><p data-start=\"270\" data-end=\"465\">To the question <strong data-start=\"286\" data-end=\"350\">\u201cWas the information provided clear and easy to understand?\u201d<\/strong>, <strong data-start=\"352\" data-end=\"371\">47 participants<\/strong> answered <strong data-start=\"381\" data-end=\"391\">\u201cYes,\u201d<\/strong> <strong data-start=\"392\" data-end=\"397\">2<\/strong> answered <strong data-start=\"407\" data-end=\"424\">\u201cRather yes,\u201d<\/strong> and <strong data-start=\"429\" data-end=\"446\">1 participant<\/strong> did not respond.<\/p><p data-start=\"472\" data-end=\"661\">Overall, in response to the question <strong data-start=\"509\" data-end=\"553\">\u201cHow satisfied are you with the course?\u201d<\/strong>, <strong data-start=\"555\" data-end=\"574\">48 participants<\/strong> gave a rating of <strong data-start=\"592\" data-end=\"600\">\u201c5,\u201d<\/strong> <strong data-start=\"601\" data-end=\"606\">1<\/strong> gave a <strong data-start=\"614\" data-end=\"622\">\u201c4,\u201d<\/strong> and <strong data-start=\"627\" data-end=\"644\">1 participant<\/strong> did not respond.<\/p>\t\t\t\t\t\t\t\t<\/div>\n\t\t\t\t<\/div>\n\t\t\t\t<div class=\"elementor-element elementor-element-aeb8de3 elementor-widget elementor-widget-heading\" data-id=\"aeb8de3\" data-element_type=\"widget\" data-e-type=\"widget\" data-widget_type=\"heading.default\">\n\t\t\t\t<div class=\"elementor-widget-container\">\n\t\t\t\t\t<h3 class=\"elementor-heading-title elementor-size-default\">Learning Objectives<\/h3>\t\t\t\t<\/div>\n\t\t\t\t<\/div>\n\t\t\t\t<div class=\"elementor-element elementor-element-14e7b22 elementor-widget elementor-widget-text-editor\" data-id=\"14e7b22\" data-element_type=\"widget\" data-e-type=\"widget\" data-widget_type=\"text-editor.default\">\n\t\t\t\t<div class=\"elementor-widget-container\">\n\t\t\t\t\t\t\t\t\t<p data-start=\"1244\" data-end=\"1294\">A certificate will be awarded to participants who:<\/p><ul data-start=\"1295\" data-end=\"1488\"><li data-start=\"1295\" data-end=\"1330\"><p data-start=\"1297\" data-end=\"1330\">Register via the provided link,<\/p><\/li><li data-start=\"1331\" data-end=\"1425\"><p data-start=\"1333\" data-end=\"1425\">Attend at least 90% of the session (please note: the webinar will start exactly at 10:00),<\/p><\/li><li data-start=\"1426\" data-end=\"1488\"><p data-start=\"1428\" data-end=\"1488\">Complete the post-test and achieve a score of 70% or higher.<\/p><\/li><\/ul>\t\t\t\t\t\t\t\t<\/div>\n\t\t\t\t<\/div>\n\t\t\t\t<div class=\"elementor-element elementor-element-3e1ec88 elementor-widget elementor-widget-heading\" data-id=\"3e1ec88\" data-element_type=\"widget\" data-e-type=\"widget\" data-widget_type=\"heading.default\">\n\t\t\t\t<div class=\"elementor-widget-container\">\n\t\t\t\t\t<h3 class=\"elementor-heading-title elementor-size-default\">Accreditation<\/h3>\t\t\t\t<\/div>\n\t\t\t\t<\/div>\n\t\t\t\t<div class=\"elementor-element elementor-element-ff59b55 elementor-widget elementor-widget-text-editor\" data-id=\"ff59b55\" data-element_type=\"widget\" data-e-type=\"widget\" data-widget_type=\"text-editor.default\">\n\t\t\t\t<div class=\"elementor-widget-container\">\n\t\t\t\t\t\t\t\t\t<p data-start=\"2547\" data-end=\"2670\">The course is currently undergoing the accreditation process by the RA Ministry of Health.<br data-start=\"1600\" data-end=\"1603\" \/>Additional information regarding credit points will be published once the official order is approved.<\/p>\t\t\t\t\t\t\t\t<\/div>\n\t\t\t\t<\/div>\n\t\t\t\t<div class=\"elementor-element elementor-element-6786cb8 elementor-widget elementor-widget-heading\" data-id=\"6786cb8\" data-element_type=\"widget\" data-e-type=\"widget\" data-widget_type=\"heading.default\">\n\t\t\t\t<div class=\"elementor-widget-container\">\n\t\t\t\t\t<h3 class=\"elementor-heading-title elementor-size-default\">Registration<\/h3>\t\t\t\t<\/div>\n\t\t\t\t<\/div>\n\t\t\t\t<div class=\"elementor-element elementor-element-7e697da elementor-widget elementor-widget-text-editor\" data-id=\"7e697da\" data-element_type=\"widget\" data-e-type=\"widget\" data-widget_type=\"text-editor.default\">\n\t\t\t\t<div class=\"elementor-widget-container\">\n\t\t\t\t\t\t\t\t\t<p data-start=\"1725\" data-end=\"1886\">As the number of participants is strictly limited (only 50 participants), priority will be given to specialists directly involved in the childbirth care process.<\/p><p data-start=\"1888\" data-end=\"2001\">If selected, you will receive an email on Friday, January 16, at 18:00, containing the Zoom link for the session.<\/p><p data-start=\"2003\" data-end=\"2034\">Registration is closed!<\/p>\t\t\t\t\t\t\t\t<\/div>\n\t\t\t\t<\/div>\n\t\t\t\t<div class=\"elementor-element elementor-element-6679d82 elementor-widget elementor-widget-heading\" data-id=\"6679d82\" data-element_type=\"widget\" data-e-type=\"widget\" data-widget_type=\"heading.default\">\n\t\t\t\t<div class=\"elementor-widget-container\">\n\t\t\t\t\t<h3 class=\"elementor-heading-title elementor-size-default\">Attention<\/h3>\t\t\t\t<\/div>\n\t\t\t\t<\/div>\n\t\t\t\t<div class=\"elementor-element elementor-element-b8a28ce elementor-widget elementor-widget-text-editor\" data-id=\"b8a28ce\" data-element_type=\"widget\" data-e-type=\"widget\" data-widget_type=\"text-editor.default\">\n\t\t\t\t<div class=\"elementor-widget-container\">\n\t\t\t\t\t\t\t\t\t<p data-start=\"2547\" data-end=\"2670\">We are also pleased to inform you that a self-education resource on this topic will be available soon. If you are unable to attend the webinar, you will be given priority access to participate in the course.<\/p>\t\t\t\t\t\t\t\t<\/div>\n\t\t\t\t<\/div>\n\t\t\t\t\t<\/div>\n\t\t\t\t<\/div>\n\t\t\t\t<\/div>\n\t\t\t\t<\/div>\n\t\t","protected":false},"excerpt":{"rendered":"<p>Pain Management During Childbirth \u2013 Webinar Organizer: Sant\u00e9 Arm\u00e9nie Medical AcademyInstructor: Gayane Khachaturyan Hovhannisyan, Nurse Anesthetist, H\u00f4pital Simone Veil \u2013 Groupement Hospitalier Eaubonne-Montmorency, France Format: Online, Zoom platformDate and Time: January 17, 2026, 10:00\u201311:40 Learning Objectives The aim of the webinar is to strengthen nurses\u2019 knowledge and confidence in the proper management of pain during [&hellip;]<\/p>\n","protected":false},"author":15,"featured_media":0,"parent":6501,"menu_order":0,"comment_status":"closed","ping_status":"closed","template":"","meta":{"footnotes":""},"class_list":["post-8229","page","type-page","status-publish","hentry"],"yoast_head":"<!-- This site is optimized with the Yoast SEO plugin v27.3 - https:\/\/yoast.com\/product\/yoast-seo-wordpress\/ -->\n<title>Pain Management During Childbirth \u2013 Webinar - Sante Armenie Medical Academy<\/title>\n<meta name=\"robots\" content=\"index, follow, max-snippet:-1, max-image-preview:large, max-video-preview:-1\" \/>\n<link rel=\"canonical\" href=\"https:\/\/www.santearmenieacademy.org\/en\/live-events\/past-events-archive\/pain-management-during-childbirth-webinar\/\" \/>\n<meta property=\"og:locale\" content=\"en_US\" \/>\n<meta property=\"og:type\" content=\"article\" \/>\n<meta property=\"og:title\" content=\"Pain Management During Childbirth \u2013 Webinar - Sante Armenie Medical Academy\" \/>\n<meta property=\"og:description\" content=\"Pain Management During Childbirth \u2013 Webinar Organizer: Sant\u00e9 Arm\u00e9nie Medical AcademyInstructor: Gayane Khachaturyan Hovhannisyan, Nurse Anesthetist, H\u00f4pital Simone Veil \u2013 Groupement Hospitalier Eaubonne-Montmorency, France Format: Online, Zoom platformDate and Time: January 17, 2026, 10:00\u201311:40 Learning Objectives The aim of the webinar is to strengthen nurses\u2019 knowledge and confidence in the proper management of pain during [&hellip;]\" \/>\n<meta property=\"og:url\" content=\"https:\/\/www.santearmenieacademy.org\/en\/live-events\/past-events-archive\/pain-management-during-childbirth-webinar\/\" \/>\n<meta property=\"og:site_name\" content=\"Sante Armenie Medical Academy\" \/>\n<meta property=\"article:modified_time\" content=\"2026-01-29T09:11:49+00:00\" \/>\n<meta name=\"twitter:card\" content=\"summary_large_image\" \/>\n<meta name=\"twitter:label1\" content=\"Est. reading time\" \/>\n\t<meta name=\"twitter:data1\" content=\"3 minutes\" \/>\n<script type=\"application\/ld+json\" class=\"yoast-schema-graph\">{\"@context\":\"https:\\\/\\\/schema.org\",\"@graph\":[{\"@type\":\"WebPage\",\"@id\":\"https:\\\/\\\/www.santearmenieacademy.org\\\/en\\\/live-events\\\/past-events-archive\\\/pain-management-during-childbirth-webinar\\\/\",\"url\":\"https:\\\/\\\/www.santearmenieacademy.org\\\/en\\\/live-events\\\/past-events-archive\\\/pain-management-during-childbirth-webinar\\\/\",\"name\":\"Pain Management During Childbirth \u2013 Webinar - Sante Armenie Medical Academy\",\"isPartOf\":{\"@id\":\"https:\\\/\\\/www.santearmenieacademy.org\\\/en\\\/#website\"},\"datePublished\":\"2026-01-13T09:17:57+00:00\",\"dateModified\":\"2026-01-29T09:11:49+00:00\",\"breadcrumb\":{\"@id\":\"https:\\\/\\\/www.santearmenieacademy.org\\\/en\\\/live-events\\\/past-events-archive\\\/pain-management-during-childbirth-webinar\\\/#breadcrumb\"},\"inLanguage\":\"en-US\",\"potentialAction\":[{\"@type\":\"ReadAction\",\"target\":[\"https:\\\/\\\/www.santearmenieacademy.org\\\/en\\\/live-events\\\/past-events-archive\\\/pain-management-during-childbirth-webinar\\\/\"]}]},{\"@type\":\"BreadcrumbList\",\"@id\":\"https:\\\/\\\/www.santearmenieacademy.org\\\/en\\\/live-events\\\/past-events-archive\\\/pain-management-during-childbirth-webinar\\\/#breadcrumb\",\"itemListElement\":[{\"@type\":\"ListItem\",\"position\":1,\"name\":\"Home\",\"item\":\"https:\\\/\\\/www.santearmenieacademy.org\\\/en\\\/\"},{\"@type\":\"ListItem\",\"position\":2,\"name\":\"Live Events\",\"item\":\"https:\\\/\\\/www.santearmenieacademy.org\\\/en\\\/live-events\\\/\"},{\"@type\":\"ListItem\",\"position\":3,\"name\":\"Pain Management During Childbirth \u2013 Webinar\"}]},{\"@type\":\"WebSite\",\"@id\":\"https:\\\/\\\/www.santearmenieacademy.org\\\/en\\\/#website\",\"url\":\"https:\\\/\\\/www.santearmenieacademy.org\\\/en\\\/\",\"name\":\"Sante Armenie Medical Academy\",\"description\":\"The Sant\u00e9 Arm\u00e9nie Medical Academy offers accredited online courses, free educational materials for healthcare providers across Armenia and the region.\",\"publisher\":{\"@id\":\"https:\\\/\\\/www.santearmenieacademy.org\\\/en\\\/#organization\"},\"potentialAction\":[{\"@type\":\"SearchAction\",\"target\":{\"@type\":\"EntryPoint\",\"urlTemplate\":\"https:\\\/\\\/www.santearmenieacademy.org\\\/en\\\/?s={search_term_string}\"},\"query-input\":{\"@type\":\"PropertyValueSpecification\",\"valueRequired\":true,\"valueName\":\"search_term_string\"}}],\"inLanguage\":\"en-US\"},{\"@type\":\"Organization\",\"@id\":\"https:\\\/\\\/www.santearmenieacademy.org\\\/en\\\/#organization\",\"name\":\"Sante Armenie Medical Academy\",\"url\":\"https:\\\/\\\/www.santearmenieacademy.org\\\/en\\\/\",\"logo\":{\"@type\":\"ImageObject\",\"inLanguage\":\"en-US\",\"@id\":\"https:\\\/\\\/www.santearmenieacademy.org\\\/en\\\/#\\\/schema\\\/logo\\\/image\\\/\",\"url\":\"https:\\\/\\\/www.santearmenieacademy.org\\\/wp-content\\\/uploads\\\/2023\\\/11\\\/LOGO_SANTE-ARMENIE_2022.png\",\"contentUrl\":\"https:\\\/\\\/www.santearmenieacademy.org\\\/wp-content\\\/uploads\\\/2023\\\/11\\\/LOGO_SANTE-ARMENIE_2022.png\",\"width\":2000,\"height\":1344,\"caption\":\"Sante Armenie Medical Academy\"},\"image\":{\"@id\":\"https:\\\/\\\/www.santearmenieacademy.org\\\/en\\\/#\\\/schema\\\/logo\\\/image\\\/\"},\"sameAs\":[\"https:\\\/\\\/www.linkedin.com\\\/company\\\/sant\u00e9-arm\u00e9nie-medical-academy\\\/\"]}]}<\/script>\n<!-- \/ Yoast SEO plugin. -->","yoast_head_json":{"title":"Pain Management During Childbirth \u2013 Webinar - Sante Armenie Medical Academy","robots":{"index":"index","follow":"follow","max-snippet":"max-snippet:-1","max-image-preview":"max-image-preview:large","max-video-preview":"max-video-preview:-1"},"canonical":"https:\/\/www.santearmenieacademy.org\/en\/live-events\/past-events-archive\/pain-management-during-childbirth-webinar\/","og_locale":"en_US","og_type":"article","og_title":"Pain Management During Childbirth \u2013 Webinar - Sante Armenie Medical Academy","og_description":"Pain Management During Childbirth \u2013 Webinar Organizer: Sant\u00e9 Arm\u00e9nie Medical AcademyInstructor: Gayane Khachaturyan Hovhannisyan, Nurse Anesthetist, H\u00f4pital Simone Veil \u2013 Groupement Hospitalier Eaubonne-Montmorency, France Format: Online, Zoom platformDate and Time: January 17, 2026, 10:00\u201311:40 Learning Objectives The aim of the webinar is to strengthen nurses\u2019 knowledge and confidence in the proper management of pain during [&hellip;]","og_url":"https:\/\/www.santearmenieacademy.org\/en\/live-events\/past-events-archive\/pain-management-during-childbirth-webinar\/","og_site_name":"Sante Armenie Medical Academy","article_modified_time":"2026-01-29T09:11:49+00:00","twitter_card":"summary_large_image","twitter_misc":{"Est. reading time":"3 minutes"},"schema":{"@context":"https:\/\/schema.org","@graph":[{"@type":"WebPage","@id":"https:\/\/www.santearmenieacademy.org\/en\/live-events\/past-events-archive\/pain-management-during-childbirth-webinar\/","url":"https:\/\/www.santearmenieacademy.org\/en\/live-events\/past-events-archive\/pain-management-during-childbirth-webinar\/","name":"Pain Management During Childbirth \u2013 Webinar - Sante Armenie Medical Academy","isPartOf":{"@id":"https:\/\/www.santearmenieacademy.org\/en\/#website"},"datePublished":"2026-01-13T09:17:57+00:00","dateModified":"2026-01-29T09:11:49+00:00","breadcrumb":{"@id":"https:\/\/www.santearmenieacademy.org\/en\/live-events\/past-events-archive\/pain-management-during-childbirth-webinar\/#breadcrumb"},"inLanguage":"en-US","potentialAction":[{"@type":"ReadAction","target":["https:\/\/www.santearmenieacademy.org\/en\/live-events\/past-events-archive\/pain-management-during-childbirth-webinar\/"]}]},{"@type":"BreadcrumbList","@id":"https:\/\/www.santearmenieacademy.org\/en\/live-events\/past-events-archive\/pain-management-during-childbirth-webinar\/#breadcrumb","itemListElement":[{"@type":"ListItem","position":1,"name":"Home","item":"https:\/\/www.santearmenieacademy.org\/en\/"},{"@type":"ListItem","position":2,"name":"Live Events","item":"https:\/\/www.santearmenieacademy.org\/en\/live-events\/"},{"@type":"ListItem","position":3,"name":"Pain Management During Childbirth \u2013 Webinar"}]},{"@type":"WebSite","@id":"https:\/\/www.santearmenieacademy.org\/en\/#website","url":"https:\/\/www.santearmenieacademy.org\/en\/","name":"Sante Armenie Medical Academy","description":"The Sant\u00e9 Arm\u00e9nie Medical Academy offers accredited online courses, free educational materials for healthcare providers across Armenia and the region.","publisher":{"@id":"https:\/\/www.santearmenieacademy.org\/en\/#organization"},"potentialAction":[{"@type":"SearchAction","target":{"@type":"EntryPoint","urlTemplate":"https:\/\/www.santearmenieacademy.org\/en\/?s={search_term_string}"},"query-input":{"@type":"PropertyValueSpecification","valueRequired":true,"valueName":"search_term_string"}}],"inLanguage":"en-US"},{"@type":"Organization","@id":"https:\/\/www.santearmenieacademy.org\/en\/#organization","name":"Sante Armenie Medical Academy","url":"https:\/\/www.santearmenieacademy.org\/en\/","logo":{"@type":"ImageObject","inLanguage":"en-US","@id":"https:\/\/www.santearmenieacademy.org\/en\/#\/schema\/logo\/image\/","url":"https:\/\/www.santearmenieacademy.org\/wp-content\/uploads\/2023\/11\/LOGO_SANTE-ARMENIE_2022.png","contentUrl":"https:\/\/www.santearmenieacademy.org\/wp-content\/uploads\/2023\/11\/LOGO_SANTE-ARMENIE_2022.png","width":2000,"height":1344,"caption":"Sante Armenie Medical Academy"},"image":{"@id":"https:\/\/www.santearmenieacademy.org\/en\/#\/schema\/logo\/image\/"},"sameAs":["https:\/\/www.linkedin.com\/company\/sant\u00e9-arm\u00e9nie-medical-academy\/"]}]}},"_links":{"self":[{"href":"https:\/\/www.santearmenieacademy.org\/en\/wp-json\/wp\/v2\/pages\/8229","targetHints":{"allow":["GET"]}}],"collection":[{"href":"https:\/\/www.santearmenieacademy.org\/en\/wp-json\/wp\/v2\/pages"}],"about":[{"href":"https:\/\/www.santearmenieacademy.org\/en\/wp-json\/wp\/v2\/types\/page"}],"author":[{"embeddable":true,"href":"https:\/\/www.santearmenieacademy.org\/en\/wp-json\/wp\/v2\/users\/15"}],"replies":[{"embeddable":true,"href":"https:\/\/www.santearmenieacademy.org\/en\/wp-json\/wp\/v2\/comments?post=8229"}],"version-history":[{"count":9,"href":"https:\/\/www.santearmenieacademy.org\/en\/wp-json\/wp\/v2\/pages\/8229\/revisions"}],"predecessor-version":[{"id":8249,"href":"https:\/\/www.santearmenieacademy.org\/en\/wp-json\/wp\/v2\/pages\/8229\/revisions\/8249"}],"up":[{"embeddable":true,"href":"https:\/\/www.santearmenieacademy.org\/en\/wp-json\/wp\/v2\/pages\/6501"}],"wp:attachment":[{"href":"https:\/\/www.santearmenieacademy.org\/en\/wp-json\/wp\/v2\/media?parent=8229"}],"curies":[{"name":"wp","href":"https:\/\/api.w.org\/{rel}","templated":true}]}}