{"id":8555,"date":"2026-04-06T19:30:07","date_gmt":"2026-04-06T15:30:07","guid":{"rendered":"https:\/\/www.santearmenieacademy.org\/produit\/en-%d5%b6%d5%a5%d6%86%d6%80%d5%b8%d5%ac%d5%b8%d5%a3%d5%ab%d5%a1-nephrology\/"},"modified":"2026-04-06T19:30:07","modified_gmt":"2026-04-06T15:30:07","slug":"en-%d5%b6%d5%a5%d6%86%d6%80%d5%b8%d5%ac%d5%b8%d5%a3%d5%ab%d5%a1-nephrology","status":"publish","type":"product","link":"https:\/\/www.santearmenieacademy.org\/en\/produit\/en-%d5%b6%d5%a5%d6%86%d6%80%d5%b8%d5%ac%d5%b8%d5%a3%d5%ab%d5%a1-nephrology\/","title":{"rendered":"\u0546\u0565\u0586\u0580\u0578\u056c\u0578\u0563\u056b\u0561 &#8211; Nephrology"},"content":{"rendered":"<h2>\u0546\u056f\u0561\u0580\u0561\u0563\u0580\u0578\u0582\u0569\u0575\u0578\u0582\u0576<\/h2>\n<h2>Water metabolism and hyponatremia<\/h2>\n<p>Pr Adrien Flahault<\/p>\n<p>Nephrology department, Nancy University Hospital, France<\/p>\n<p><a href=\"https:\/\/youtu.be\/vkH_tEnE36Y\">https:\/\/youtu.be\/vkH_tEnE36Y\u00a0<\/a><\/p>\n<h2>Dyskalemia<\/h2>\n<p>Pr Sandrine Lemoine<br \/>Service de n\u00e9phrologie, dialyse et physiologie r\u00e9nale<br \/>H\u00f4pital Edouard Herriot, Lyon<br \/>Centre coordinateur, r\u00e9f\u00e9rence des maladies r\u00e9nales rares \u2013 MAREGE<br \/>Fili\u00e8re ORKID<\/p>\n<p><a href=\"https:\/\/youtu.be\/Ecm6whUnbFg\">https:\/\/youtu.be\/Ecm6whUnbFg\u00a0<\/a><\/p>\n<h2>Diuretics<\/h2>\n<p>Pr Bruno MOULIN\u00a0<br \/>Service de N\u00e9phrologie Dialyse et Transplantation<br \/>H\u00f4pitaux Universitaires de Strasbourg<\/p>\n<p><a href=\"https:\/\/youtu.be\/Ecm6whUnbFg\"> https:\/\/youtu.be\/Ecm6whUnbFg <\/a><\/p>\n<h2>Kidney involvement of systemic lupus<\/h2>\n<p>Prof Eric DAUGAS Universit\u00e9 de Paris\u00a0<br \/>H\u00f4pital Bichat \u2013 Paris\u00a0INSERM U1149<\/p>\n<p><a href=\"https:\/\/youtu.be\/GHz2Z_4Z7Fg\">https:\/\/youtu.be\/GHz2Z_4Z7Fg\u00a0<\/a><\/p>\n<h2>Antiphospholipid syndrome nephropathy<\/h2>\n<p>Prof Eric DAUGAS Universit\u00e9 Paris Cit\u00e9\u00a0<\/p>\n<p>H\u00f4pital Bichat \u2013 Paris\u00a0INSERM U1149<\/p>\n<p><a href=\"https:\/\/youtu.be\/a_FzLckiAAc\">https:\/\/youtu.be\/a_FzLckiAAc\u00a0<\/a><\/p>\n<h2>Kidney involvement of ANCA Associated Vasculitis<\/h2>\n<p>Prof Eric DAUGAS Universit\u00e9 Paris Cit\u00e9\u00a0<br \/>H\u00f4pital Bichat \u2013 Paris\u00a0 INSERM U1149<\/p>\n<p><a href=\"https:\/\/youtu.be\/5T9qkllEVyU\">https:\/\/youtu.be\/5T9qkllEVyU\u00a0<\/a><\/p>\n<h2>Kidney transplantation for familial mediteriran fever (FMF)<\/h2>\n<p>Pr. H\u00e9l\u00e8ne FRANCOIS Division of Renal Transplantation-Nephrology, \u00a0Sorbonne University, AP-HP INSERM UMR_S 1155<\/p>\n<p><a href=\"https:\/\/youtu.be\/3mTZTnJqeDM\"> https:\/\/youtu.be\/3mTZTnJqeDM <\/a><\/p>\n<h2>Kidney Transplantation Principles, Practice and Outcomes<\/h2>\n<p>Pr Dany Anglicheau \u00a0<\/p>\n<p>Service des maladies du rein et du m\u00e9tabolisme, transplantation et immunologie clinique H\u00f4pital Necker, Paris<\/p>\n<p><a href=\"https:\/\/youtu.be\/3r1ce5Iq2oE\"> https:\/\/youtu.be\/3r1ce5Iq2oE <\/a><\/p>\n","protected":false},"excerpt":{"rendered":"<p>\u0546\u056f\u0561\u0580\u0561\u0563\u0580\u0578\u0582\u0569\u0575\u0578\u0582\u0576 Water metabolism and hyponatremia Pr Adrien Flahault Nephrology department, Nancy University Hospital, France https:\/\/youtu.be\/vkH_tEnE36Y\u00a0 Dyskalemia Pr Sandrine LemoineService de n\u00e9phrologie, dialyse et physiologie r\u00e9naleH\u00f4pital Edouard Herriot, LyonCentre coordinateur, r\u00e9f\u00e9rence des maladies r\u00e9nales rares \u2013 MAREGEFili\u00e8re ORKID https:\/\/youtu.be\/Ecm6whUnbFg\u00a0 Diuretics Pr Bruno MOULIN\u00a0Service de N\u00e9phrologie Dialyse et TransplantationH\u00f4pitaux Universitaires de Strasbourg https:\/\/youtu.be\/Ecm6whUnbFg Kidney involvement of systemic [&hellip;]<\/p>\n","protected":false},"featured_media":0,"template":"","meta":[],"product_brand":[],"product_cat":[176],"product_tag":[],"class_list":{"0":"post-8555","1":"product","2":"type-product","3":"status-publish","5":"product_cat-en-open-resources-----inte","7":"first","8":"instock","9":"shipping-taxable","10":"product-type-simple"},"yoast_head":"<!-- This site is optimized with the Yoast SEO plugin v27.3 - https:\/\/yoast.com\/product\/yoast-seo-wordpress\/ -->\n<title>\u0546\u0565\u0586\u0580\u0578\u056c\u0578\u0563\u056b\u0561 - Nephrology - Sante Armenie Medical Academy<\/title>\n<meta name=\"robots\" content=\"index, follow, max-snippet:-1, max-image-preview:large, max-video-preview:-1\" \/>\n<link rel=\"canonical\" href=\"https:\/\/www.santearmenieacademy.org\/en\/produit\/en-%d5%b6%d5%a5%d6%86%d6%80%d5%b8%d5%ac%d5%b8%d5%a3%d5%ab%d5%a1-nephrology\/\" \/>\n<meta property=\"og:locale\" content=\"en_US\" \/>\n<meta property=\"og:type\" content=\"article\" \/>\n<meta property=\"og:title\" content=\"\u0546\u0565\u0586\u0580\u0578\u056c\u0578\u0563\u056b\u0561 - Nephrology - Sante Armenie Medical Academy\" \/>\n<meta property=\"og:description\" content=\"\u0546\u056f\u0561\u0580\u0561\u0563\u0580\u0578\u0582\u0569\u0575\u0578\u0582\u0576 Water metabolism and hyponatremia Pr Adrien Flahault Nephrology department, Nancy University Hospital, France https:\/\/youtu.be\/vkH_tEnE36Y\u00a0 Dyskalemia Pr Sandrine LemoineService de n\u00e9phrologie, dialyse et physiologie r\u00e9naleH\u00f4pital Edouard Herriot, LyonCentre coordinateur, r\u00e9f\u00e9rence des maladies r\u00e9nales rares \u2013 MAREGEFili\u00e8re ORKID https:\/\/youtu.be\/Ecm6whUnbFg\u00a0 Diuretics Pr Bruno MOULIN\u00a0Service de N\u00e9phrologie Dialyse et TransplantationH\u00f4pitaux Universitaires de Strasbourg https:\/\/youtu.be\/Ecm6whUnbFg Kidney involvement of systemic [&hellip;]\" \/>\n<meta property=\"og:url\" content=\"https:\/\/www.santearmenieacademy.org\/en\/produit\/en-%d5%b6%d5%a5%d6%86%d6%80%d5%b8%d5%ac%d5%b8%d5%a3%d5%ab%d5%a1-nephrology\/\" \/>\n<meta property=\"og:site_name\" content=\"Sante Armenie Medical Academy\" \/>\n<meta name=\"twitter:card\" content=\"summary_large_image\" \/>\n<meta name=\"twitter:label1\" content=\"Est. reading time\" \/>\n\t<meta name=\"twitter:data1\" content=\"1 minute\" \/>\n<script type=\"application\/ld+json\" class=\"yoast-schema-graph\">{\"@context\":\"https:\\\/\\\/schema.org\",\"@graph\":[{\"@type\":\"WebPage\",\"@id\":\"https:\\\/\\\/www.santearmenieacademy.org\\\/en\\\/produit\\\/en-%d5%b6%d5%a5%d6%86%d6%80%d5%b8%d5%ac%d5%b8%d5%a3%d5%ab%d5%a1-nephrology\\\/\",\"url\":\"https:\\\/\\\/www.santearmenieacademy.org\\\/en\\\/produit\\\/en-%d5%b6%d5%a5%d6%86%d6%80%d5%b8%d5%ac%d5%b8%d5%a3%d5%ab%d5%a1-nephrology\\\/\",\"name\":\"\u0546\u0565\u0586\u0580\u0578\u056c\u0578\u0563\u056b\u0561 - Nephrology - Sante Armenie Medical Academy\",\"isPartOf\":{\"@id\":\"https:\\\/\\\/www.santearmenieacademy.org\\\/en\\\/#website\"},\"datePublished\":\"2026-04-06T15:30:07+00:00\",\"breadcrumb\":{\"@id\":\"https:\\\/\\\/www.santearmenieacademy.org\\\/en\\\/produit\\\/en-%d5%b6%d5%a5%d6%86%d6%80%d5%b8%d5%ac%d5%b8%d5%a3%d5%ab%d5%a1-nephrology\\\/#breadcrumb\"},\"inLanguage\":\"en-US\",\"potentialAction\":[{\"@type\":\"ReadAction\",\"target\":[\"https:\\\/\\\/www.santearmenieacademy.org\\\/en\\\/produit\\\/en-%d5%b6%d5%a5%d6%86%d6%80%d5%b8%d5%ac%d5%b8%d5%a3%d5%ab%d5%a1-nephrology\\\/\"]}]},{\"@type\":\"BreadcrumbList\",\"@id\":\"https:\\\/\\\/www.santearmenieacademy.org\\\/en\\\/produit\\\/en-%d5%b6%d5%a5%d6%86%d6%80%d5%b8%d5%ac%d5%b8%d5%a3%d5%ab%d5%a1-nephrology\\\/#breadcrumb\",\"itemListElement\":[{\"@type\":\"ListItem\",\"position\":1,\"name\":\"Home\",\"item\":\"https:\\\/\\\/www.santearmenieacademy.org\\\/en\\\/\"},{\"@type\":\"ListItem\",\"position\":2,\"name\":\"Products\",\"item\":\"https:\\\/\\\/www.santearmenieacademy.org\\\/en\\\/shop\\\/\"},{\"@type\":\"ListItem\",\"position\":3,\"name\":\"\u0546\u0565\u0586\u0580\u0578\u056c\u0578\u0563\u056b\u0561 &#8211; Nephrology\"}]},{\"@type\":\"WebSite\",\"@id\":\"https:\\\/\\\/www.santearmenieacademy.org\\\/en\\\/#website\",\"url\":\"https:\\\/\\\/www.santearmenieacademy.org\\\/en\\\/\",\"name\":\"Sante Armenie Medical Academy\",\"description\":\"The Sant\u00e9 Arm\u00e9nie Medical Academy offers accredited online courses, free educational materials for healthcare providers across Armenia and the region.\",\"publisher\":{\"@id\":\"https:\\\/\\\/www.santearmenieacademy.org\\\/en\\\/#organization\"},\"potentialAction\":[{\"@type\":\"SearchAction\",\"target\":{\"@type\":\"EntryPoint\",\"urlTemplate\":\"https:\\\/\\\/www.santearmenieacademy.org\\\/en\\\/?s={search_term_string}\"},\"query-input\":{\"@type\":\"PropertyValueSpecification\",\"valueRequired\":true,\"valueName\":\"search_term_string\"}}],\"inLanguage\":\"en-US\"},{\"@type\":\"Organization\",\"@id\":\"https:\\\/\\\/www.santearmenieacademy.org\\\/en\\\/#organization\",\"name\":\"Sante Armenie Medical Academy\",\"url\":\"https:\\\/\\\/www.santearmenieacademy.org\\\/en\\\/\",\"logo\":{\"@type\":\"ImageObject\",\"inLanguage\":\"en-US\",\"@id\":\"https:\\\/\\\/www.santearmenieacademy.org\\\/en\\\/#\\\/schema\\\/logo\\\/image\\\/\",\"url\":\"https:\\\/\\\/www.santearmenieacademy.org\\\/wp-content\\\/uploads\\\/2023\\\/11\\\/LOGO_SANTE-ARMENIE_2022.png\",\"contentUrl\":\"https:\\\/\\\/www.santearmenieacademy.org\\\/wp-content\\\/uploads\\\/2023\\\/11\\\/LOGO_SANTE-ARMENIE_2022.png\",\"width\":2000,\"height\":1344,\"caption\":\"Sante Armenie Medical Academy\"},\"image\":{\"@id\":\"https:\\\/\\\/www.santearmenieacademy.org\\\/en\\\/#\\\/schema\\\/logo\\\/image\\\/\"},\"sameAs\":[\"https:\\\/\\\/www.linkedin.com\\\/company\\\/sant\u00e9-arm\u00e9nie-medical-academy\\\/\"]}]}<\/script>\n<!-- \/ Yoast SEO plugin. -->","yoast_head_json":{"title":"\u0546\u0565\u0586\u0580\u0578\u056c\u0578\u0563\u056b\u0561 - Nephrology - Sante Armenie Medical Academy","robots":{"index":"index","follow":"follow","max-snippet":"max-snippet:-1","max-image-preview":"max-image-preview:large","max-video-preview":"max-video-preview:-1"},"canonical":"https:\/\/www.santearmenieacademy.org\/en\/produit\/en-%d5%b6%d5%a5%d6%86%d6%80%d5%b8%d5%ac%d5%b8%d5%a3%d5%ab%d5%a1-nephrology\/","og_locale":"en_US","og_type":"article","og_title":"\u0546\u0565\u0586\u0580\u0578\u056c\u0578\u0563\u056b\u0561 - Nephrology - Sante Armenie Medical Academy","og_description":"\u0546\u056f\u0561\u0580\u0561\u0563\u0580\u0578\u0582\u0569\u0575\u0578\u0582\u0576 Water metabolism and hyponatremia Pr Adrien Flahault Nephrology department, Nancy University Hospital, France https:\/\/youtu.be\/vkH_tEnE36Y\u00a0 Dyskalemia Pr Sandrine LemoineService de n\u00e9phrologie, dialyse et physiologie r\u00e9naleH\u00f4pital Edouard Herriot, LyonCentre coordinateur, r\u00e9f\u00e9rence des maladies r\u00e9nales rares \u2013 MAREGEFili\u00e8re ORKID https:\/\/youtu.be\/Ecm6whUnbFg\u00a0 Diuretics Pr Bruno MOULIN\u00a0Service de N\u00e9phrologie Dialyse et TransplantationH\u00f4pitaux Universitaires de Strasbourg https:\/\/youtu.be\/Ecm6whUnbFg Kidney involvement of systemic [&hellip;]","og_url":"https:\/\/www.santearmenieacademy.org\/en\/produit\/en-%d5%b6%d5%a5%d6%86%d6%80%d5%b8%d5%ac%d5%b8%d5%a3%d5%ab%d5%a1-nephrology\/","og_site_name":"Sante Armenie Medical Academy","twitter_card":"summary_large_image","twitter_misc":{"Est. reading time":"1 minute"},"schema":{"@context":"https:\/\/schema.org","@graph":[{"@type":"WebPage","@id":"https:\/\/www.santearmenieacademy.org\/en\/produit\/en-%d5%b6%d5%a5%d6%86%d6%80%d5%b8%d5%ac%d5%b8%d5%a3%d5%ab%d5%a1-nephrology\/","url":"https:\/\/www.santearmenieacademy.org\/en\/produit\/en-%d5%b6%d5%a5%d6%86%d6%80%d5%b8%d5%ac%d5%b8%d5%a3%d5%ab%d5%a1-nephrology\/","name":"\u0546\u0565\u0586\u0580\u0578\u056c\u0578\u0563\u056b\u0561 - Nephrology - Sante Armenie Medical Academy","isPartOf":{"@id":"https:\/\/www.santearmenieacademy.org\/en\/#website"},"datePublished":"2026-04-06T15:30:07+00:00","breadcrumb":{"@id":"https:\/\/www.santearmenieacademy.org\/en\/produit\/en-%d5%b6%d5%a5%d6%86%d6%80%d5%b8%d5%ac%d5%b8%d5%a3%d5%ab%d5%a1-nephrology\/#breadcrumb"},"inLanguage":"en-US","potentialAction":[{"@type":"ReadAction","target":["https:\/\/www.santearmenieacademy.org\/en\/produit\/en-%d5%b6%d5%a5%d6%86%d6%80%d5%b8%d5%ac%d5%b8%d5%a3%d5%ab%d5%a1-nephrology\/"]}]},{"@type":"BreadcrumbList","@id":"https:\/\/www.santearmenieacademy.org\/en\/produit\/en-%d5%b6%d5%a5%d6%86%d6%80%d5%b8%d5%ac%d5%b8%d5%a3%d5%ab%d5%a1-nephrology\/#breadcrumb","itemListElement":[{"@type":"ListItem","position":1,"name":"Home","item":"https:\/\/www.santearmenieacademy.org\/en\/"},{"@type":"ListItem","position":2,"name":"Products","item":"https:\/\/www.santearmenieacademy.org\/en\/shop\/"},{"@type":"ListItem","position":3,"name":"\u0546\u0565\u0586\u0580\u0578\u056c\u0578\u0563\u056b\u0561 &#8211; Nephrology"}]},{"@type":"WebSite","@id":"https:\/\/www.santearmenieacademy.org\/en\/#website","url":"https:\/\/www.santearmenieacademy.org\/en\/","name":"Sante Armenie Medical Academy","description":"The Sant\u00e9 Arm\u00e9nie Medical Academy offers accredited online courses, free educational materials for healthcare providers across Armenia and the region.","publisher":{"@id":"https:\/\/www.santearmenieacademy.org\/en\/#organization"},"potentialAction":[{"@type":"SearchAction","target":{"@type":"EntryPoint","urlTemplate":"https:\/\/www.santearmenieacademy.org\/en\/?s={search_term_string}"},"query-input":{"@type":"PropertyValueSpecification","valueRequired":true,"valueName":"search_term_string"}}],"inLanguage":"en-US"},{"@type":"Organization","@id":"https:\/\/www.santearmenieacademy.org\/en\/#organization","name":"Sante Armenie Medical Academy","url":"https:\/\/www.santearmenieacademy.org\/en\/","logo":{"@type":"ImageObject","inLanguage":"en-US","@id":"https:\/\/www.santearmenieacademy.org\/en\/#\/schema\/logo\/image\/","url":"https:\/\/www.santearmenieacademy.org\/wp-content\/uploads\/2023\/11\/LOGO_SANTE-ARMENIE_2022.png","contentUrl":"https:\/\/www.santearmenieacademy.org\/wp-content\/uploads\/2023\/11\/LOGO_SANTE-ARMENIE_2022.png","width":2000,"height":1344,"caption":"Sante Armenie Medical Academy"},"image":{"@id":"https:\/\/www.santearmenieacademy.org\/en\/#\/schema\/logo\/image\/"},"sameAs":["https:\/\/www.linkedin.com\/company\/sant\u00e9-arm\u00e9nie-medical-academy\/"]}]}},"_links":{"self":[{"href":"https:\/\/www.santearmenieacademy.org\/en\/wp-json\/wp\/v2\/product\/8555","targetHints":{"allow":["GET"]}}],"collection":[{"href":"https:\/\/www.santearmenieacademy.org\/en\/wp-json\/wp\/v2\/product"}],"about":[{"href":"https:\/\/www.santearmenieacademy.org\/en\/wp-json\/wp\/v2\/types\/product"}],"version-history":[{"count":0,"href":"https:\/\/www.santearmenieacademy.org\/en\/wp-json\/wp\/v2\/product\/8555\/revisions"}],"wp:attachment":[{"href":"https:\/\/www.santearmenieacademy.org\/en\/wp-json\/wp\/v2\/media?parent=8555"}],"wp:term":[{"taxonomy":"product_brand","embeddable":true,"href":"https:\/\/www.santearmenieacademy.org\/en\/wp-json\/wp\/v2\/product_brand?post=8555"},{"taxonomy":"product_cat","embeddable":true,"href":"https:\/\/www.santearmenieacademy.org\/en\/wp-json\/wp\/v2\/product_cat?post=8555"},{"taxonomy":"product_tag","embeddable":true,"href":"https:\/\/www.santearmenieacademy.org\/en\/wp-json\/wp\/v2\/product_tag?post=8555"}],"curies":[{"name":"wp","href":"https:\/\/api.w.org\/{rel}","templated":true}]}}